{"id":599,"date":"2020-08-11T16:53:18","date_gmt":"2020-08-11T14:53:18","guid":{"rendered":"https:\/\/translationsprovenzale.com\/perche-investire-in-traduzioni\/"},"modified":"2021-09-23T13:53:30","modified_gmt":"2021-09-23T11:53:30","slug":"por-que-invertir-en-traducciones","status":"publish","type":"page","link":"https:\/\/translationsprovenzale.com\/es\/por-que-invertir-en-traducciones\/","title":{"rendered":"Traducciones de valor"},"content":{"rendered":"<p style=\"text-align: left;\">\u00bfTodav\u00eda te preguntas por qu\u00e9 deber\u00edas invertir en servicios de traducci\u00f3n profesional?<\/p>\n<h2 style=\"text-align: left;\"><strong>Para aprovechar oportunidades comerciales y favorecer el conocimiento<\/strong><\/h2>\n<p>En Europa*<\/p>\n<p>El 90 % de las personas prefiere <strong>navegar por sitios web en su idioma<\/strong>.<\/p>\n<p>Solo el 18 % de las personas efect\u00faa <strong>compras en una lengua extranjera<\/strong>.<\/p>\n<p>El 44 % de las personas <strong>no consigue encontrar lo que busca<\/strong> porque las p\u00e1ginas web est\u00e1n en un idioma incomprensible.<\/p>\n<p>* Fuente: Comisi\u00f3n Europea (encuesta Eurobar\u00f3metro 2011)<\/p>\n<p>&nbsp;<\/p>\n<h2 style=\"text-align: left;\"><strong>Para proteger tu reputaci\u00f3n<\/strong><\/h2>\n<p>Una traducci\u00f3n equivocada no solo puede hacer perder una oportunidad de crecer, sino que tambi\u00e9n puede <strong>generar da\u00f1os<\/strong> mucho peores: los relacionados con la reputaci\u00f3n.<\/p>\n<p>En el mejor de los casos, <strong>la baja calidad de una traducci\u00f3n<\/strong> puede producir hilaridad, pero tambi\u00e9n se puede asociar a una tambi\u00e9n escasa calidad del trabajo por parte de quien comunica. Y, por extensi\u00f3n, a una baja calidad de sus productos y servicios. En el peor de los casos, pueden producirse crisis de marketing reales, con repercusiones considerables en las ventas.<\/p>\n<p>&nbsp;<\/p>\n<h2 style=\"text-align: left;\"><strong>Para transmitir el mensaje adecuado<\/strong><\/h2>\n<p>La correcci\u00f3n formal de una traducci\u00f3n no es suficiente. El <strong>c\u00f3digo ling\u00fc\u00edstico<\/strong> vive en un <strong>contexto cultural<\/strong> que condiciona su significado. Para garantizar que se transmite el mensaje adecuado, es necesaria una traducci\u00f3n que tenga en cuenta los aspectos culturales del p\u00fablico destinatario, y que los transmita en el estilo y el contenido.<\/p>\n<p>&nbsp;<\/p>\n<h2 style=\"text-align: left;\"><strong>Porque la comunicaci\u00f3n entre humanos no es cosa de m\u00e1quinas<\/strong><\/h2>\n<p>Las m\u00e1quinas son r\u00e1pidas y, a pesar de que han conseguido buenos niveles de precisi\u00f3n en traducci\u00f3n, nunca podr\u00e1n manejar el sarcasmo, el sentido del humor, la iron\u00eda, los juegos de palabras o la sutil diferencia entre un tono de voz y otro. <strong>Nunca podr\u00e1n captar los matices<\/strong>; solo son m\u00e1quinas. Por eso es mejor dejar el tim\u00f3n a la sensibilidad del ser humano.<\/p>\n<p>&nbsp;<\/p>\n<h2 style=\"text-align: left;\"><strong>Porque una traducci\u00f3n de valor es mucho m\u00e1s que una mera traducci\u00f3n palabra por palabra<\/strong><\/h2>\n<p>Sea cual sea el <strong>servicio de traducci\u00f3n o interpretaci\u00f3n<\/strong> m\u00e1s apropiado a tus necesidades, hay una cosa que te puedo garantizar: no ser\u00e1 nunca una mera traducci\u00f3n palabra por palabra de una lengua a otra.<\/p>\n<p>Ya sea un plan para abrirte a nuevos mercados, oportunidades comerciales, posibilidades personales o desarrollo de la investigaci\u00f3n y el conocimiento: al confiar en una <strong>traductora humana<\/strong>, la traducci\u00f3n de una lengua a otra fomentar\u00e1 la creaci\u00f3n de valor y plantar\u00e1 nuevas semillas.<\/p>\n<h2 style=\"text-align: left;\"><strong>Demos valor a tu empresa con traducciones de valor<\/strong><\/h2>\n<p><a href=\"https:\/\/translationsprovenzale.com\/mis-servicios\/\"><b>Descubre el servicio m\u00e1s adecuado<\/b><\/a><\/p>\n<p><b>O contacta conmigo para saber m\u00e1s<\/b><\/p>\n","protected":false},"excerpt":{"rendered":"<p>\u00bfTodav\u00eda te preguntas por qu\u00e9 deber\u00edas invertir en servicios de traducci\u00f3n profesional? Para aprovechar oportunidades comerciales y favorecer el conocimiento En Europa* El 90 % de las personas prefiere navegar por sitios web en su idioma. Solo el 18 % de las personas efect\u00faa compras en una lengua extranjera. El 44 % de las personas &hellip;<\/p>\n","protected":false},"author":1,"featured_media":0,"parent":0,"menu_order":0,"comment_status":"closed","ping_status":"closed","template":"","meta":{"_acf_changed":false,"footnotes":""},"class_list":["post-599","page","type-page","status-publish","hentry"],"acf":[],"yoast_head":"<!-- This site is optimized with the Yoast SEO plugin v27.4 - https:\/\/yoast.com\/product\/yoast-seo-wordpress\/ -->\n<title>Servicios de traducci\u00f3n profesional - translationSProvenzale<\/title>\n<meta name=\"description\" content=\"Sea cual sea tu campo, una empresa valiosa necesita traducciones de valor. Descubre por qu\u00e9 invertir en traducciones profesionales.\" \/>\n<meta name=\"robots\" content=\"index, follow, max-snippet:-1, max-image-preview:large, max-video-preview:-1\" \/>\n<link rel=\"canonical\" href=\"https:\/\/translationsprovenzale.com\/es\/por-que-invertir-en-traducciones\/\" \/>\n<meta property=\"og:locale\" content=\"es_ES\" \/>\n<meta property=\"og:type\" content=\"article\" \/>\n<meta property=\"og:title\" content=\"Servicios de traducci\u00f3n profesional - translationSProvenzale\" \/>\n<meta property=\"og:description\" content=\"Sea cual sea tu campo, una empresa valiosa necesita traducciones de valor. Descubre por qu\u00e9 invertir en traducciones profesionales.\" \/>\n<meta property=\"og:url\" content=\"https:\/\/translationsprovenzale.com\/es\/por-que-invertir-en-traducciones\/\" \/>\n<meta property=\"og:site_name\" content=\"Susanna Provenzale\" \/>\n<meta property=\"article:modified_time\" content=\"2021-09-23T11:53:30+00:00\" \/>\n<meta name=\"twitter:card\" content=\"summary_large_image\" \/>\n<meta name=\"twitter:label1\" content=\"Est. reading time\" \/>\n\t<meta name=\"twitter:data1\" content=\"2 minutes\" \/>\n<script type=\"application\/ld+json\" class=\"yoast-schema-graph\">{\"@context\":\"https:\\\/\\\/schema.org\",\"@graph\":[{\"@type\":\"WebPage\",\"@id\":\"https:\\\/\\\/translationsprovenzale.com\\\/es\\\/por-que-invertir-en-traducciones\\\/\",\"url\":\"https:\\\/\\\/translationsprovenzale.com\\\/es\\\/por-que-invertir-en-traducciones\\\/\",\"name\":\"Servicios de traducci\u00f3n profesional - translationSProvenzale\",\"isPartOf\":{\"@id\":\"https:\\\/\\\/translationsprovenzale.com\\\/es\\\/#website\"},\"datePublished\":\"2020-08-11T14:53:18+00:00\",\"dateModified\":\"2021-09-23T11:53:30+00:00\",\"description\":\"Sea cual sea tu campo, una empresa valiosa necesita traducciones de valor. Descubre por qu\u00e9 invertir en traducciones profesionales.\",\"breadcrumb\":{\"@id\":\"https:\\\/\\\/translationsprovenzale.com\\\/es\\\/por-que-invertir-en-traducciones\\\/#breadcrumb\"},\"inLanguage\":\"es-ES\",\"potentialAction\":[{\"@type\":\"ReadAction\",\"target\":[\"https:\\\/\\\/translationsprovenzale.com\\\/es\\\/por-que-invertir-en-traducciones\\\/\"]}]},{\"@type\":\"BreadcrumbList\",\"@id\":\"https:\\\/\\\/translationsprovenzale.com\\\/es\\\/por-que-invertir-en-traducciones\\\/#breadcrumb\",\"itemListElement\":[{\"@type\":\"ListItem\",\"position\":1,\"name\":\"Home\",\"item\":\"https:\\\/\\\/translationsprovenzale.com\\\/es\\\/\"},{\"@type\":\"ListItem\",\"position\":2,\"name\":\"Traducciones de valor\"}]},{\"@type\":\"WebSite\",\"@id\":\"https:\\\/\\\/translationsprovenzale.com\\\/es\\\/#website\",\"url\":\"https:\\\/\\\/translationsprovenzale.com\\\/es\\\/\",\"name\":\"Susanna Provenzale\",\"description\":\"Interpreter and translator IT, ES, EN\",\"potentialAction\":[{\"@type\":\"SearchAction\",\"target\":{\"@type\":\"EntryPoint\",\"urlTemplate\":\"https:\\\/\\\/translationsprovenzale.com\\\/es\\\/?s={search_term_string}\"},\"query-input\":{\"@type\":\"PropertyValueSpecification\",\"valueRequired\":true,\"valueName\":\"search_term_string\"}}],\"inLanguage\":\"es-ES\"}]}<\/script>\n<!-- \/ Yoast SEO plugin. -->","yoast_head_json":{"title":"Servicios de traducci\u00f3n profesional - translationSProvenzale","description":"Sea cual sea tu campo, una empresa valiosa necesita traducciones de valor. Descubre por qu\u00e9 invertir en traducciones profesionales.","robots":{"index":"index","follow":"follow","max-snippet":"max-snippet:-1","max-image-preview":"max-image-preview:large","max-video-preview":"max-video-preview:-1"},"canonical":"https:\/\/translationsprovenzale.com\/es\/por-que-invertir-en-traducciones\/","og_locale":"es_ES","og_type":"article","og_title":"Servicios de traducci\u00f3n profesional - translationSProvenzale","og_description":"Sea cual sea tu campo, una empresa valiosa necesita traducciones de valor. Descubre por qu\u00e9 invertir en traducciones profesionales.","og_url":"https:\/\/translationsprovenzale.com\/es\/por-que-invertir-en-traducciones\/","og_site_name":"Susanna Provenzale","article_modified_time":"2021-09-23T11:53:30+00:00","twitter_card":"summary_large_image","twitter_misc":{"Est. reading time":"2 minutes"},"schema":{"@context":"https:\/\/schema.org","@graph":[{"@type":"WebPage","@id":"https:\/\/translationsprovenzale.com\/es\/por-que-invertir-en-traducciones\/","url":"https:\/\/translationsprovenzale.com\/es\/por-que-invertir-en-traducciones\/","name":"Servicios de traducci\u00f3n profesional - translationSProvenzale","isPartOf":{"@id":"https:\/\/translationsprovenzale.com\/es\/#website"},"datePublished":"2020-08-11T14:53:18+00:00","dateModified":"2021-09-23T11:53:30+00:00","description":"Sea cual sea tu campo, una empresa valiosa necesita traducciones de valor. Descubre por qu\u00e9 invertir en traducciones profesionales.","breadcrumb":{"@id":"https:\/\/translationsprovenzale.com\/es\/por-que-invertir-en-traducciones\/#breadcrumb"},"inLanguage":"es-ES","potentialAction":[{"@type":"ReadAction","target":["https:\/\/translationsprovenzale.com\/es\/por-que-invertir-en-traducciones\/"]}]},{"@type":"BreadcrumbList","@id":"https:\/\/translationsprovenzale.com\/es\/por-que-invertir-en-traducciones\/#breadcrumb","itemListElement":[{"@type":"ListItem","position":1,"name":"Home","item":"https:\/\/translationsprovenzale.com\/es\/"},{"@type":"ListItem","position":2,"name":"Traducciones de valor"}]},{"@type":"WebSite","@id":"https:\/\/translationsprovenzale.com\/es\/#website","url":"https:\/\/translationsprovenzale.com\/es\/","name":"Susanna Provenzale","description":"Interpreter and translator IT, ES, EN","potentialAction":[{"@type":"SearchAction","target":{"@type":"EntryPoint","urlTemplate":"https:\/\/translationsprovenzale.com\/es\/?s={search_term_string}"},"query-input":{"@type":"PropertyValueSpecification","valueRequired":true,"valueName":"search_term_string"}}],"inLanguage":"es-ES"}]}},"_links":{"self":[{"href":"https:\/\/translationsprovenzale.com\/es\/wp-json\/wp\/v2\/pages\/599","targetHints":{"allow":["GET"]}}],"collection":[{"href":"https:\/\/translationsprovenzale.com\/es\/wp-json\/wp\/v2\/pages"}],"about":[{"href":"https:\/\/translationsprovenzale.com\/es\/wp-json\/wp\/v2\/types\/page"}],"author":[{"embeddable":true,"href":"https:\/\/translationsprovenzale.com\/es\/wp-json\/wp\/v2\/users\/1"}],"replies":[{"embeddable":true,"href":"https:\/\/translationsprovenzale.com\/es\/wp-json\/wp\/v2\/comments?post=599"}],"version-history":[{"count":0,"href":"https:\/\/translationsprovenzale.com\/es\/wp-json\/wp\/v2\/pages\/599\/revisions"}],"wp:attachment":[{"href":"https:\/\/translationsprovenzale.com\/es\/wp-json\/wp\/v2\/media?parent=599"}],"curies":[{"name":"wp","href":"https:\/\/api.w.org\/{rel}","templated":true}]}}