{"id":213,"date":"2020-05-10T09:37:59","date_gmt":"2020-05-10T07:37:59","guid":{"rendered":"https:\/\/translationsprovenzale.com\/contatti\/"},"modified":"2021-02-11T12:33:29","modified_gmt":"2021-02-11T11:33:29","slug":"contacto","status":"publish","type":"page","link":"https:\/\/translationsprovenzale.com\/es\/contacto\/","title":{"rendered":"Contacto"},"content":{"rendered":"<p><span style=\"font-weight: 400;\">Los servicios de traducci\u00f3n e interpretaci\u00f3n de valor son tales principalmente porque est\u00e1n construidos sobre la base de las <strong>necesidades espec\u00edficas<\/strong> de cada cliente. Los matices, plazos y campos son diferentes y \u00fanicos en cada encargo. Esa es la magia de la traducci\u00f3n.<\/span><\/p>\n<p>Estoy a tu disposici\u00f3n sin ning\u00fan compromiso para <strong>facilitarte m\u00e1s informaci\u00f3n sobre mis servicios<\/strong> o para <strong>mandarte un presupuesto para los servicios de traducci\u00f3n e interpretaci\u00f3n<\/strong> translationSProvenzale.<\/p>\n","protected":false},"excerpt":{"rendered":"<p>Los servicios de traducci\u00f3n e interpretaci\u00f3n de valor son tales principalmente porque est\u00e1n construidos sobre la base de las necesidades espec\u00edficas de cada cliente. Los matices, plazos y campos son diferentes y \u00fanicos en cada encargo. Esa es la magia de la traducci\u00f3n. Estoy a tu disposici\u00f3n sin ning\u00fan compromiso para facilitarte m\u00e1s informaci\u00f3n sobre &hellip;<\/p>\n","protected":false},"author":1,"featured_media":0,"parent":0,"menu_order":0,"comment_status":"closed","ping_status":"closed","template":"","meta":{"_acf_changed":false,"footnotes":""},"class_list":["post-213","page","type-page","status-publish","hentry"],"acf":[],"yoast_head":"<!-- This site is optimized with the Yoast SEO plugin v27.4 - https:\/\/yoast.com\/product\/yoast-seo-wordpress\/ -->\n<title>Presupuesto servicios traducci\u00f3n e interpretaci\u00f3n translationSProvenzale<\/title>\n<meta name=\"description\" content=\"Contacta conmigo para conocer mis servicios de traducci\u00f3n e interpretaci\u00f3n en italiano, ingl\u00e9s y espa\u00f1ol y recibir un presupuesto sin compromiso.\" \/>\n<meta name=\"robots\" content=\"index, follow, max-snippet:-1, max-image-preview:large, max-video-preview:-1\" \/>\n<link rel=\"canonical\" href=\"https:\/\/translationsprovenzale.com\/es\/contacto\/\" \/>\n<meta property=\"og:locale\" content=\"es_ES\" \/>\n<meta property=\"og:type\" content=\"article\" \/>\n<meta property=\"og:title\" content=\"Presupuesto servicios traducci\u00f3n e interpretaci\u00f3n translationSProvenzale\" \/>\n<meta property=\"og:description\" content=\"Contacta conmigo para conocer mis servicios de traducci\u00f3n e interpretaci\u00f3n en italiano, ingl\u00e9s y espa\u00f1ol y recibir un presupuesto sin compromiso.\" \/>\n<meta property=\"og:url\" content=\"https:\/\/translationsprovenzale.com\/es\/contacto\/\" \/>\n<meta property=\"og:site_name\" content=\"Susanna Provenzale\" \/>\n<meta property=\"article:modified_time\" content=\"2021-02-11T11:33:29+00:00\" \/>\n<meta name=\"twitter:card\" content=\"summary_large_image\" \/>\n<meta name=\"twitter:label1\" content=\"Est. reading time\" \/>\n\t<meta name=\"twitter:data1\" content=\"1 minute\" \/>\n<script type=\"application\/ld+json\" class=\"yoast-schema-graph\">{\"@context\":\"https:\\\/\\\/schema.org\",\"@graph\":[{\"@type\":\"WebPage\",\"@id\":\"https:\\\/\\\/translationsprovenzale.com\\\/es\\\/contacto\\\/\",\"url\":\"https:\\\/\\\/translationsprovenzale.com\\\/es\\\/contacto\\\/\",\"name\":\"Presupuesto servicios traducci\u00f3n e interpretaci\u00f3n translationSProvenzale\",\"isPartOf\":{\"@id\":\"https:\\\/\\\/translationsprovenzale.com\\\/es\\\/#website\"},\"datePublished\":\"2020-05-10T07:37:59+00:00\",\"dateModified\":\"2021-02-11T11:33:29+00:00\",\"description\":\"Contacta conmigo para conocer mis servicios de traducci\u00f3n e interpretaci\u00f3n en italiano, ingl\u00e9s y espa\u00f1ol y recibir un presupuesto sin compromiso.\",\"breadcrumb\":{\"@id\":\"https:\\\/\\\/translationsprovenzale.com\\\/es\\\/contacto\\\/#breadcrumb\"},\"inLanguage\":\"es-ES\",\"potentialAction\":[{\"@type\":\"ReadAction\",\"target\":[\"https:\\\/\\\/translationsprovenzale.com\\\/es\\\/contacto\\\/\"]}]},{\"@type\":\"BreadcrumbList\",\"@id\":\"https:\\\/\\\/translationsprovenzale.com\\\/es\\\/contacto\\\/#breadcrumb\",\"itemListElement\":[{\"@type\":\"ListItem\",\"position\":1,\"name\":\"Home\",\"item\":\"https:\\\/\\\/translationsprovenzale.com\\\/es\\\/\"},{\"@type\":\"ListItem\",\"position\":2,\"name\":\"Contacto\"}]},{\"@type\":\"WebSite\",\"@id\":\"https:\\\/\\\/translationsprovenzale.com\\\/es\\\/#website\",\"url\":\"https:\\\/\\\/translationsprovenzale.com\\\/es\\\/\",\"name\":\"Susanna Provenzale\",\"description\":\"Interpreter and translator IT, ES, EN\",\"potentialAction\":[{\"@type\":\"SearchAction\",\"target\":{\"@type\":\"EntryPoint\",\"urlTemplate\":\"https:\\\/\\\/translationsprovenzale.com\\\/es\\\/?s={search_term_string}\"},\"query-input\":{\"@type\":\"PropertyValueSpecification\",\"valueRequired\":true,\"valueName\":\"search_term_string\"}}],\"inLanguage\":\"es-ES\"}]}<\/script>\n<!-- \/ Yoast SEO plugin. -->","yoast_head_json":{"title":"Presupuesto servicios traducci\u00f3n e interpretaci\u00f3n translationSProvenzale","description":"Contacta conmigo para conocer mis servicios de traducci\u00f3n e interpretaci\u00f3n en italiano, ingl\u00e9s y espa\u00f1ol y recibir un presupuesto sin compromiso.","robots":{"index":"index","follow":"follow","max-snippet":"max-snippet:-1","max-image-preview":"max-image-preview:large","max-video-preview":"max-video-preview:-1"},"canonical":"https:\/\/translationsprovenzale.com\/es\/contacto\/","og_locale":"es_ES","og_type":"article","og_title":"Presupuesto servicios traducci\u00f3n e interpretaci\u00f3n translationSProvenzale","og_description":"Contacta conmigo para conocer mis servicios de traducci\u00f3n e interpretaci\u00f3n en italiano, ingl\u00e9s y espa\u00f1ol y recibir un presupuesto sin compromiso.","og_url":"https:\/\/translationsprovenzale.com\/es\/contacto\/","og_site_name":"Susanna Provenzale","article_modified_time":"2021-02-11T11:33:29+00:00","twitter_card":"summary_large_image","twitter_misc":{"Est. reading time":"1 minute"},"schema":{"@context":"https:\/\/schema.org","@graph":[{"@type":"WebPage","@id":"https:\/\/translationsprovenzale.com\/es\/contacto\/","url":"https:\/\/translationsprovenzale.com\/es\/contacto\/","name":"Presupuesto servicios traducci\u00f3n e interpretaci\u00f3n translationSProvenzale","isPartOf":{"@id":"https:\/\/translationsprovenzale.com\/es\/#website"},"datePublished":"2020-05-10T07:37:59+00:00","dateModified":"2021-02-11T11:33:29+00:00","description":"Contacta conmigo para conocer mis servicios de traducci\u00f3n e interpretaci\u00f3n en italiano, ingl\u00e9s y espa\u00f1ol y recibir un presupuesto sin compromiso.","breadcrumb":{"@id":"https:\/\/translationsprovenzale.com\/es\/contacto\/#breadcrumb"},"inLanguage":"es-ES","potentialAction":[{"@type":"ReadAction","target":["https:\/\/translationsprovenzale.com\/es\/contacto\/"]}]},{"@type":"BreadcrumbList","@id":"https:\/\/translationsprovenzale.com\/es\/contacto\/#breadcrumb","itemListElement":[{"@type":"ListItem","position":1,"name":"Home","item":"https:\/\/translationsprovenzale.com\/es\/"},{"@type":"ListItem","position":2,"name":"Contacto"}]},{"@type":"WebSite","@id":"https:\/\/translationsprovenzale.com\/es\/#website","url":"https:\/\/translationsprovenzale.com\/es\/","name":"Susanna Provenzale","description":"Interpreter and translator IT, ES, EN","potentialAction":[{"@type":"SearchAction","target":{"@type":"EntryPoint","urlTemplate":"https:\/\/translationsprovenzale.com\/es\/?s={search_term_string}"},"query-input":{"@type":"PropertyValueSpecification","valueRequired":true,"valueName":"search_term_string"}}],"inLanguage":"es-ES"}]}},"_links":{"self":[{"href":"https:\/\/translationsprovenzale.com\/es\/wp-json\/wp\/v2\/pages\/213","targetHints":{"allow":["GET"]}}],"collection":[{"href":"https:\/\/translationsprovenzale.com\/es\/wp-json\/wp\/v2\/pages"}],"about":[{"href":"https:\/\/translationsprovenzale.com\/es\/wp-json\/wp\/v2\/types\/page"}],"author":[{"embeddable":true,"href":"https:\/\/translationsprovenzale.com\/es\/wp-json\/wp\/v2\/users\/1"}],"replies":[{"embeddable":true,"href":"https:\/\/translationsprovenzale.com\/es\/wp-json\/wp\/v2\/comments?post=213"}],"version-history":[{"count":0,"href":"https:\/\/translationsprovenzale.com\/es\/wp-json\/wp\/v2\/pages\/213\/revisions"}],"wp:attachment":[{"href":"https:\/\/translationsprovenzale.com\/es\/wp-json\/wp\/v2\/media?parent=213"}],"curies":[{"name":"wp","href":"https:\/\/api.w.org\/{rel}","templated":true}]}}