{"id":211,"date":"2020-05-10T09:38:45","date_gmt":"2020-05-10T07:38:45","guid":{"rendered":"https:\/\/translationsprovenzale.com\/chi-sono\/"},"modified":"2026-01-09T12:02:44","modified_gmt":"2026-01-09T11:02:44","slug":"sobre-mi","status":"publish","type":"page","link":"https:\/\/translationsprovenzale.com\/es\/sobre-mi\/","title":{"rendered":"Sobre m\u00ed"},"content":{"rendered":"<p>Creo firmemente en el <strong>valor de las lenguas<\/strong> como herramientas para transmitir conocimientos y construir la realidad. Respetar las diversidades ling\u00fc\u00edsticas significa preservar una riqueza de valor incalculable. Tender puentes entre ellas mediante la traducci\u00f3n y la interpretaci\u00f3n significa multiplicar su valor..<\/p>\n<p>Me llamo Susanna Provenzale y soy <strong>traductora e int\u00e9rprete de conferencias profesional<\/strong>. El italiano, el ingl\u00e9s y el espa\u00f1ol son las lenguas con las que trabajo desde hace m\u00e1s de 20 a\u00f1os, colaborando con peque\u00f1as, medianas y grandes empresas, clientes particulares y agencias de traducci\u00f3n.<\/p>\n<h2 style=\"text-align: center;\"><b>\u00abCuando sea mayor, quiero traducir palabras para crear valor\u00bb\u00a0<\/b><\/h2>\n<p>Soy italiana de nacimiento y, tras varios a\u00f1os trabajando en Irlanda, me afinqu\u00e9 en Madrid en 2005. Puede que mi pasi\u00f3n por las lenguas extranjeras venga de mi tierra natal, Livorno, ciudad toscana famosa por sus or\u00edgenes multi\u00e9tnicos, puerto estrat\u00e9gico del Mediterr\u00e1neo de car\u00e1cter ind\u00f3mito y penetrante como su mar, cruce de gentes y culturas. Siempre tuve muy claro lo que quer\u00eda hacer de mayor: traducir palabras de una lengua a otra, <strong>comunicar mundos<\/strong>, participar activamente en el cultivo de oportunidades y conocimientos.<\/p>\n<h2 style=\"text-align: center;\"><b>Mis estudios, una trayectoria decisiva<\/b><\/h2>\n<p>Mi <strong>itinerario de formaci\u00f3n<\/strong>, centrado desde el bachillerato en las lenguas y la comunicaci\u00f3n, es una prueba de ello. Despu\u00e9s de graduarme en <strong>Traducci\u00f3n e Interpretaci\u00f3n<\/strong> en la Scuola Superiore per Interpreti e Traduttori de Pisa (Toscana), me traslad\u00e9 a Dubl\u00edn y, m\u00e1s tarde, a Madrid. Decid\u00ed establecerme en esta \u00faltima y seguir perfeccionando mis conocimientos ling\u00fc\u00edsticos con el <strong>Curso de especializaci\u00f3n en interpretaci\u00f3n simult\u00e1nea y consecutiva<\/strong> de la Universidad Aut\u00f3noma de Madrid.<\/p>\n<p>No obstante, nunca podr\u00eda decir que he terminado completamente mi trayectoria formativa. De hecho, desde que empec\u00e9 a trabajar no he dejado nunca de cultivar mis competencias y curiosidades <strong>actualiz\u00e1ndome continuamente<\/strong> sobre novedades, herramientas y especialidades en campos nuevos, como el <strong>Curso de especializaci\u00f3n en traducci\u00f3n m\u00e9dica<\/strong>, seguido de muchos otros que me han permitido profundizar, entre otras cuestiones, en la terminolog\u00eda m\u00e9dica.<\/p>\n<h2 style=\"text-align: center;\"><b>Mi experiencia laboral<\/b><\/h2>\n<p>Empec\u00e9 mi carrera profesional en Dubl\u00edn, Irlanda, como <strong>agente de reservas<\/strong> <strong>para grandes compa\u00f1\u00edas a\u00e9reas<\/strong> en italiano e ingl\u00e9s. El espa\u00f1ol se uni\u00f3 a mis lenguas de trabajo cuando me ascendieron a agente del servicio frequent flyers para Espa\u00f1a. En menos de dos a\u00f1os me traslad\u00e9 a Madrid, donde empec\u00e9 a trabajar como <strong>traductora y revisora en una multinacional de turismo<\/strong>, en la que desempe\u00f1\u00e9 tambi\u00e9n el puesto de supervisora. Despu\u00e9s de 10 a\u00f1os trabajando como asalariada, decid\u00ed emprender mi aventura como traductora e int\u00e9rprete aut\u00f3noma. As\u00ed naci\u00f3 translationSProvenzale.<b>\u00a0<\/b><\/p>\n<h2 style=\"text-align: center;\"><b>Soy translationSProvenzale<\/b><\/h2>\n<p><img loading=\"lazy\" decoding=\"async\" class=\"wp-image-593 aligncenter\" title=\"Group 5\" src=\"https:\/\/translationsprovenzale.com\/_mamawp\/wp-content\/uploads\/2020\/08\/Group-5.jpg\" alt=\"Group 5\" width=\"518\" height=\"277\" \/><\/p>\n<p>&nbsp;<\/p>\n<p>En el logotipo de mi proyecto emprendedor quise incluir mis iniciales porque en todos y cada uno de mis trabajos hay una parte de m\u00ed. La <strong>sensibilidad, la escucha y la empat\u00eda<\/strong> son algunas de las aptitudes que en el pasado me hicieron ser seleccionada, entre muchas otras personas, para ostentar cargos de supervisi\u00f3n, control de calidad y gesti\u00f3n de equipos. Tambi\u00e9n la <strong>constancia y la precisi\u00f3n<\/strong> son habilidades que aprend\u00ed a cultivar desde mis primeras clases de bater\u00eda. Por no olvidar mi <strong>entusiasmo<\/strong>, que, en palabras de mis clientes, va unido siempre a una enorme <strong>delicadeza y atenci\u00f3n<\/strong>.<\/p>\n<p><strong>Dos iniciales que adoptan la silueta de una mariposa<\/strong>, conscientes del papel fundamental que desempe\u00f1an en la comunicaci\u00f3n entre personas y mundos alejados. He traducido hasta la fecha m\u00e1s de 20 millones de palabras entre el espa\u00f1ol, el italiano y el ingl\u00e9s, ayudando a mis clientes a florecer en numerosos \u00e1mbitos: turismo, marketing, e-commerce, moda, lujo, videojuegos o medicina.<\/p>\n","protected":false},"excerpt":{"rendered":"<p>Creo firmemente en el valor de las lenguas como herramientas para transmitir conocimientos y construir la realidad. Respetar las diversidades ling\u00fc\u00edsticas significa preservar una riqueza de valor incalculable. Tender puentes entre ellas mediante la traducci\u00f3n y la interpretaci\u00f3n significa multiplicar su valor.. Me llamo Susanna Provenzale y soy traductora e int\u00e9rprete de conferencias profesional. El &hellip;<\/p>\n","protected":false},"author":1,"featured_media":0,"parent":0,"menu_order":0,"comment_status":"closed","ping_status":"closed","template":"","meta":{"_acf_changed":false,"footnotes":""},"class_list":["post-211","page","type-page","status-publish","hentry"],"acf":[],"yoast_head":"<!-- This site is optimized with the Yoast SEO plugin v27.4 - https:\/\/yoast.com\/product\/yoast-seo-wordpress\/ -->\n<title>Traductora e int\u00e9rprete de conferencias profesional translationSProvenzale<\/title>\n<meta name=\"description\" content=\"Susanna Provenzale, italiana en Madrid. M\u00e1s de 20 a\u00f1os traduciendo del espa\u00f1ol y el ingl\u00e9s para que las empresas y el conocimiento crezcan con fuerza\" \/>\n<meta name=\"robots\" content=\"index, follow, max-snippet:-1, max-image-preview:large, max-video-preview:-1\" \/>\n<link rel=\"canonical\" href=\"https:\/\/translationsprovenzale.com\/es\/sobre-mi\/\" \/>\n<meta property=\"og:locale\" content=\"es_ES\" \/>\n<meta property=\"og:type\" content=\"article\" \/>\n<meta property=\"og:title\" content=\"Traductora e int\u00e9rprete de conferencias profesional translationSProvenzale\" \/>\n<meta property=\"og:description\" content=\"Susanna Provenzale, italiana en Madrid. M\u00e1s de 20 a\u00f1os traduciendo del espa\u00f1ol y el ingl\u00e9s para que las empresas y el conocimiento crezcan con fuerza\" \/>\n<meta property=\"og:url\" content=\"https:\/\/translationsprovenzale.com\/es\/sobre-mi\/\" \/>\n<meta property=\"og:site_name\" content=\"Susanna Provenzale\" \/>\n<meta property=\"article:modified_time\" content=\"2026-01-09T11:02:44+00:00\" \/>\n<meta property=\"og:image\" content=\"https:\/\/translationsprovenzale.com\/_mamawp\/wp-content\/uploads\/2020\/08\/Group-5.jpg\" \/>\n\t<meta property=\"og:image:width\" content=\"828\" \/>\n\t<meta property=\"og:image:height\" content=\"443\" \/>\n\t<meta property=\"og:image:type\" content=\"image\/jpeg\" \/>\n<meta name=\"twitter:card\" content=\"summary_large_image\" \/>\n<meta name=\"twitter:label1\" content=\"Est. reading time\" \/>\n\t<meta name=\"twitter:data1\" content=\"4 minutes\" \/>\n<script type=\"application\/ld+json\" class=\"yoast-schema-graph\">{\"@context\":\"https:\\\/\\\/schema.org\",\"@graph\":[{\"@type\":\"WebPage\",\"@id\":\"https:\\\/\\\/translationsprovenzale.com\\\/es\\\/sobre-mi\\\/\",\"url\":\"https:\\\/\\\/translationsprovenzale.com\\\/es\\\/sobre-mi\\\/\",\"name\":\"Traductora e int\u00e9rprete de conferencias profesional translationSProvenzale\",\"isPartOf\":{\"@id\":\"https:\\\/\\\/translationsprovenzale.com\\\/es\\\/#website\"},\"primaryImageOfPage\":{\"@id\":\"https:\\\/\\\/translationsprovenzale.com\\\/es\\\/sobre-mi\\\/#primaryimage\"},\"image\":{\"@id\":\"https:\\\/\\\/translationsprovenzale.com\\\/es\\\/sobre-mi\\\/#primaryimage\"},\"thumbnailUrl\":\"https:\\\/\\\/translationsprovenzale.com\\\/_mamawp\\\/wp-content\\\/uploads\\\/2020\\\/08\\\/Group-5.jpg\",\"datePublished\":\"2020-05-10T07:38:45+00:00\",\"dateModified\":\"2026-01-09T11:02:44+00:00\",\"description\":\"Susanna Provenzale, italiana en Madrid. M\u00e1s de 20 a\u00f1os traduciendo del espa\u00f1ol y el ingl\u00e9s para que las empresas y el conocimiento crezcan con fuerza\",\"breadcrumb\":{\"@id\":\"https:\\\/\\\/translationsprovenzale.com\\\/es\\\/sobre-mi\\\/#breadcrumb\"},\"inLanguage\":\"es-ES\",\"potentialAction\":[{\"@type\":\"ReadAction\",\"target\":[\"https:\\\/\\\/translationsprovenzale.com\\\/es\\\/sobre-mi\\\/\"]}]},{\"@type\":\"ImageObject\",\"inLanguage\":\"es-ES\",\"@id\":\"https:\\\/\\\/translationsprovenzale.com\\\/es\\\/sobre-mi\\\/#primaryimage\",\"url\":\"https:\\\/\\\/translationsprovenzale.com\\\/_mamawp\\\/wp-content\\\/uploads\\\/2020\\\/08\\\/Group-5.jpg\",\"contentUrl\":\"https:\\\/\\\/translationsprovenzale.com\\\/_mamawp\\\/wp-content\\\/uploads\\\/2020\\\/08\\\/Group-5.jpg\"},{\"@type\":\"BreadcrumbList\",\"@id\":\"https:\\\/\\\/translationsprovenzale.com\\\/es\\\/sobre-mi\\\/#breadcrumb\",\"itemListElement\":[{\"@type\":\"ListItem\",\"position\":1,\"name\":\"Home\",\"item\":\"https:\\\/\\\/translationsprovenzale.com\\\/es\\\/\"},{\"@type\":\"ListItem\",\"position\":2,\"name\":\"Sobre m\u00ed\"}]},{\"@type\":\"WebSite\",\"@id\":\"https:\\\/\\\/translationsprovenzale.com\\\/es\\\/#website\",\"url\":\"https:\\\/\\\/translationsprovenzale.com\\\/es\\\/\",\"name\":\"Susanna Provenzale\",\"description\":\"Interpreter and translator IT, ES, EN\",\"potentialAction\":[{\"@type\":\"SearchAction\",\"target\":{\"@type\":\"EntryPoint\",\"urlTemplate\":\"https:\\\/\\\/translationsprovenzale.com\\\/es\\\/?s={search_term_string}\"},\"query-input\":{\"@type\":\"PropertyValueSpecification\",\"valueRequired\":true,\"valueName\":\"search_term_string\"}}],\"inLanguage\":\"es-ES\"}]}<\/script>\n<!-- \/ Yoast SEO plugin. -->","yoast_head_json":{"title":"Traductora e int\u00e9rprete de conferencias profesional translationSProvenzale","description":"Susanna Provenzale, italiana en Madrid. M\u00e1s de 20 a\u00f1os traduciendo del espa\u00f1ol y el ingl\u00e9s para que las empresas y el conocimiento crezcan con fuerza","robots":{"index":"index","follow":"follow","max-snippet":"max-snippet:-1","max-image-preview":"max-image-preview:large","max-video-preview":"max-video-preview:-1"},"canonical":"https:\/\/translationsprovenzale.com\/es\/sobre-mi\/","og_locale":"es_ES","og_type":"article","og_title":"Traductora e int\u00e9rprete de conferencias profesional translationSProvenzale","og_description":"Susanna Provenzale, italiana en Madrid. M\u00e1s de 20 a\u00f1os traduciendo del espa\u00f1ol y el ingl\u00e9s para que las empresas y el conocimiento crezcan con fuerza","og_url":"https:\/\/translationsprovenzale.com\/es\/sobre-mi\/","og_site_name":"Susanna Provenzale","article_modified_time":"2026-01-09T11:02:44+00:00","og_image":[{"width":828,"height":443,"url":"https:\/\/translationsprovenzale.com\/_mamawp\/wp-content\/uploads\/2020\/08\/Group-5.jpg","type":"image\/jpeg"}],"twitter_card":"summary_large_image","twitter_misc":{"Est. reading time":"4 minutes"},"schema":{"@context":"https:\/\/schema.org","@graph":[{"@type":"WebPage","@id":"https:\/\/translationsprovenzale.com\/es\/sobre-mi\/","url":"https:\/\/translationsprovenzale.com\/es\/sobre-mi\/","name":"Traductora e int\u00e9rprete de conferencias profesional translationSProvenzale","isPartOf":{"@id":"https:\/\/translationsprovenzale.com\/es\/#website"},"primaryImageOfPage":{"@id":"https:\/\/translationsprovenzale.com\/es\/sobre-mi\/#primaryimage"},"image":{"@id":"https:\/\/translationsprovenzale.com\/es\/sobre-mi\/#primaryimage"},"thumbnailUrl":"https:\/\/translationsprovenzale.com\/_mamawp\/wp-content\/uploads\/2020\/08\/Group-5.jpg","datePublished":"2020-05-10T07:38:45+00:00","dateModified":"2026-01-09T11:02:44+00:00","description":"Susanna Provenzale, italiana en Madrid. M\u00e1s de 20 a\u00f1os traduciendo del espa\u00f1ol y el ingl\u00e9s para que las empresas y el conocimiento crezcan con fuerza","breadcrumb":{"@id":"https:\/\/translationsprovenzale.com\/es\/sobre-mi\/#breadcrumb"},"inLanguage":"es-ES","potentialAction":[{"@type":"ReadAction","target":["https:\/\/translationsprovenzale.com\/es\/sobre-mi\/"]}]},{"@type":"ImageObject","inLanguage":"es-ES","@id":"https:\/\/translationsprovenzale.com\/es\/sobre-mi\/#primaryimage","url":"https:\/\/translationsprovenzale.com\/_mamawp\/wp-content\/uploads\/2020\/08\/Group-5.jpg","contentUrl":"https:\/\/translationsprovenzale.com\/_mamawp\/wp-content\/uploads\/2020\/08\/Group-5.jpg"},{"@type":"BreadcrumbList","@id":"https:\/\/translationsprovenzale.com\/es\/sobre-mi\/#breadcrumb","itemListElement":[{"@type":"ListItem","position":1,"name":"Home","item":"https:\/\/translationsprovenzale.com\/es\/"},{"@type":"ListItem","position":2,"name":"Sobre m\u00ed"}]},{"@type":"WebSite","@id":"https:\/\/translationsprovenzale.com\/es\/#website","url":"https:\/\/translationsprovenzale.com\/es\/","name":"Susanna Provenzale","description":"Interpreter and translator IT, ES, EN","potentialAction":[{"@type":"SearchAction","target":{"@type":"EntryPoint","urlTemplate":"https:\/\/translationsprovenzale.com\/es\/?s={search_term_string}"},"query-input":{"@type":"PropertyValueSpecification","valueRequired":true,"valueName":"search_term_string"}}],"inLanguage":"es-ES"}]}},"_links":{"self":[{"href":"https:\/\/translationsprovenzale.com\/es\/wp-json\/wp\/v2\/pages\/211","targetHints":{"allow":["GET"]}}],"collection":[{"href":"https:\/\/translationsprovenzale.com\/es\/wp-json\/wp\/v2\/pages"}],"about":[{"href":"https:\/\/translationsprovenzale.com\/es\/wp-json\/wp\/v2\/types\/page"}],"author":[{"embeddable":true,"href":"https:\/\/translationsprovenzale.com\/es\/wp-json\/wp\/v2\/users\/1"}],"replies":[{"embeddable":true,"href":"https:\/\/translationsprovenzale.com\/es\/wp-json\/wp\/v2\/comments?post=211"}],"version-history":[{"count":0,"href":"https:\/\/translationsprovenzale.com\/es\/wp-json\/wp\/v2\/pages\/211\/revisions"}],"wp:attachment":[{"href":"https:\/\/translationsprovenzale.com\/es\/wp-json\/wp\/v2\/media?parent=211"}],"curies":[{"name":"wp","href":"https:\/\/api.w.org\/{rel}","templated":true}]}}